{"id":2,"date":"2016-02-03T19:51:52","date_gmt":"2016-02-03T18:51:52","guid":{"rendered":"http:\/\/karolaberlage.de\/?page_id=2"},"modified":"2018-01-25T10:11:30","modified_gmt":"2018-01-25T09:11:30","slug":"home","status":"publish","type":"page","link":"https:\/\/www.karolaberlage.de\/","title":{"rendered":"Home"},"content":{"rendered":"<div class=\"flex_column av_one_fourth  flex_column_div av-zero-column-padding first  \" style='border-radius:0px; '><section class=\"av_textblock_section\"  itemscope=\"itemscope\" itemtype=\"https:\/\/schema.org\/CreativeWork\" ><div class='avia_textblock '   itemprop=\"text\" ><p><img loading=\"lazy\" decoding=\"async\" class=\"alignleft size-medium wp-image-125\" src=\"https:\/\/www.karolaberlage.de\/wp-content\/uploads\/2016\/02\/IMG-20171220-WA0003-300x300.jpg\" alt=\"IMG-20171220-WA0003\" width=\"300\" height=\"300\" srcset=\"https:\/\/www.karolaberlage.de\/wp-content\/uploads\/2016\/02\/IMG-20171220-WA0003-300x300.jpg 300w, https:\/\/www.karolaberlage.de\/wp-content\/uploads\/2016\/02\/IMG-20171220-WA0003-150x150.jpg 150w, https:\/\/www.karolaberlage.de\/wp-content\/uploads\/2016\/02\/IMG-20171220-WA0003-768x768.jpg 768w, https:\/\/www.karolaberlage.de\/wp-content\/uploads\/2016\/02\/IMG-20171220-WA0003-36x36.jpg 36w, https:\/\/www.karolaberlage.de\/wp-content\/uploads\/2016\/02\/IMG-20171220-WA0003-180x180.jpg 180w, https:\/\/www.karolaberlage.de\/wp-content\/uploads\/2016\/02\/IMG-20171220-WA0003-705x705.jpg 705w, https:\/\/www.karolaberlage.de\/wp-content\/uploads\/2016\/02\/IMG-20171220-WA0003-120x120.jpg 120w, https:\/\/www.karolaberlage.de\/wp-content\/uploads\/2016\/02\/IMG-20171220-WA0003-450x450.jpg 450w, https:\/\/www.karolaberlage.de\/wp-content\/uploads\/2016\/02\/IMG-20171220-WA0003.jpg 1024w\" sizes=\"auto, (max-width: 300px) 100vw, 300px\" \/><\/p>\n<\/div><\/section><\/div>\n<div class=\"flex_column av_three_fourth  flex_column_div av-zero-column-padding   \" style='border-radius:0px; '><section class=\"av_textblock_section\"  itemscope=\"itemscope\" itemtype=\"https:\/\/schema.org\/CreativeWork\" ><div class='avia_textblock '   itemprop=\"text\" ><p><strong>\u201eAn Br\u00fcchen tut sich Wahrheit kund!\u201c<\/strong><\/p>\n<p>Diesen wichtigen Leitsatz f\u00fcr mein Wirken verdanke ich meiner ehemaligen Berliner Professorin Gudrun Schiek \u2013 und er hat sich best\u00e4tigt.<\/p>\n<p>Heute, nach \u00fcber 30 Jahren beruflicher Erfahrung in Beratung und Therapie sowie in institutionell verantwortlichen Steuerungspositionen, wei\u00df ich: Jeder gr\u00f6\u00dfere Entwicklungsschritt geht notwendig mit einer Krise einher.<\/p>\n<p>Mal st\u00e4rker, mal schw\u00e4cher ger\u00e4t unser Selbstkonzept ins Wanken, wenn sich etwas in uns aufmacht, auf den Weg macht in Richtung Wachstum.<\/p>\n<p>Oft \u00e4u\u00dfert sich dies in Form von Br\u00fcchen in unserem Leben. Aber auch in sich verdichtenden Konflikten, sei es privat oder beruflich. Bahnt sich Wandel an, verstehen wir meist nicht, was gerade geschieht, und k\u00f6nnen es (noch) nicht zuordnen. Wir sind verunsichert, vielleicht sogar ver\u00e4ngstigt. Wom\u00f6glich wollen wir daher lieber an Altem und Vertrautem festhalten. Um jedoch behutsam, Schritt f\u00fcr Schritt, der inneren Orientierung eine neue Richtung zu geben, kann erfahrene Begleitung professionell unterst\u00fctzend wirken.<\/p>\n<p>Ich berate und st\u00e4rke darin, dem Unbekannten mehr Vertrauen zu schenken und Bruchstellen im Leben als willkommene Botschafter f\u00fcr die eigene Entwicklung zu betrachten.<\/p>\n<\/div><\/section><\/div><div class=\"flex_column av_one_fourth  flex_column_div av-zero-column-padding first  \" style='border-radius:0px; '><section class=\"av_textblock_section\"  itemscope=\"itemscope\" itemtype=\"https:\/\/schema.org\/CreativeWork\" ><div class='avia_textblock '   itemprop=\"text\" ><\/div><\/section><\/div><\/p>\n<div class=\"flex_column av_three_fourth  flex_column_div av-zero-column-padding   \" style='border-radius:0px; '><section class=\"av_textblock_section\"  itemscope=\"itemscope\" itemtype=\"https:\/\/schema.org\/CreativeWork\" ><div class='avia_textblock '   itemprop=\"text\" ><p><strong>Br\u00fcche weisen uns auf das uns innewohnende Potenzial hin, das reif ist, ins Leben zu treten.<\/strong><\/p>\n<p>In diesem Sinne ist die Lehre meiner ehemaligen Professorin heute eine meiner grundlegendsten Haltungen. Auf dieser Basis begleite ich Menschen und Unternehmen seit vielen Jahren auf dem Weg ins Wachstum.<\/p>\n<\/div><\/section><\/div>\n","protected":false},"excerpt":{"rendered":"","protected":false},"author":1,"featured_media":0,"parent":0,"menu_order":0,"comment_status":"closed","ping_status":"open","template":"","meta":{"footnotes":""},"class_list":["post-2","page","type-page","status-publish","hentry"],"yoast_head":"<!-- This site is optimized with the Yoast SEO plugin v26.6 - https:\/\/yoast.com\/wordpress\/plugins\/seo\/ -->\n<title>Home - Dipl.-P\u00e4d. Karola Berlage Praxis f\u00fcr Psychotherapie HP &amp; Supervision (seit 1995)<\/title>\n<meta name=\"robots\" content=\"index, follow, max-snippet:-1, max-image-preview:large, max-video-preview:-1\" \/>\n<link rel=\"canonical\" href=\"https:\/\/www.karolaberlage.de\/\" \/>\n<meta property=\"og:locale\" content=\"de_DE\" \/>\n<meta property=\"og:type\" content=\"article\" \/>\n<meta property=\"og:title\" content=\"Home - Dipl.-P\u00e4d. Karola Berlage Praxis f\u00fcr Psychotherapie HP &amp; Supervision (seit 1995)\" \/>\n<meta property=\"og:url\" content=\"https:\/\/www.karolaberlage.de\/\" \/>\n<meta property=\"og:site_name\" content=\"Dipl.-P\u00e4d. Karola Berlage Praxis f\u00fcr Psychotherapie HP &amp; Supervision (seit 1995)\" \/>\n<meta property=\"article:modified_time\" content=\"2018-01-25T09:11:30+00:00\" \/>\n<meta property=\"og:image\" content=\"http:\/\/www.karolaberlage.de\/wp-content\/uploads\/2016\/02\/IMG-20171220-WA0003-300x300.jpg\" \/>\n<meta name=\"twitter:card\" content=\"summary_large_image\" \/>\n<meta name=\"twitter:label1\" content=\"Gesch\u00e4tzte Lesezeit\" \/>\n\t<meta name=\"twitter:data1\" content=\"2\u00a0Minuten\" \/>\n<script type=\"application\/ld+json\" class=\"yoast-schema-graph\">{\"@context\":\"https:\/\/schema.org\",\"@graph\":[{\"@type\":\"WebPage\",\"@id\":\"https:\/\/www.karolaberlage.de\/\",\"url\":\"https:\/\/www.karolaberlage.de\/\",\"name\":\"Home - Dipl.-P\u00e4d. Karola Berlage Praxis f\u00fcr Psychotherapie HP &amp; Supervision (seit 1995)\",\"isPartOf\":{\"@id\":\"https:\/\/www.karolaberlage.de\/#website\"},\"primaryImageOfPage\":{\"@id\":\"https:\/\/www.karolaberlage.de\/#primaryimage\"},\"image\":{\"@id\":\"https:\/\/www.karolaberlage.de\/#primaryimage\"},\"thumbnailUrl\":\"http:\/\/www.karolaberlage.de\/wp-content\/uploads\/2016\/02\/IMG-20171220-WA0003-300x300.jpg\",\"datePublished\":\"2016-02-03T18:51:52+00:00\",\"dateModified\":\"2018-01-25T09:11:30+00:00\",\"breadcrumb\":{\"@id\":\"https:\/\/www.karolaberlage.de\/#breadcrumb\"},\"inLanguage\":\"de\",\"potentialAction\":[{\"@type\":\"ReadAction\",\"target\":[\"https:\/\/www.karolaberlage.de\/\"]}]},{\"@type\":\"ImageObject\",\"inLanguage\":\"de\",\"@id\":\"https:\/\/www.karolaberlage.de\/#primaryimage\",\"url\":\"http:\/\/www.karolaberlage.de\/wp-content\/uploads\/2016\/02\/IMG-20171220-WA0003-300x300.jpg\",\"contentUrl\":\"http:\/\/www.karolaberlage.de\/wp-content\/uploads\/2016\/02\/IMG-20171220-WA0003-300x300.jpg\"},{\"@type\":\"BreadcrumbList\",\"@id\":\"https:\/\/www.karolaberlage.de\/#breadcrumb\",\"itemListElement\":[{\"@type\":\"ListItem\",\"position\":1,\"name\":\"Home\",\"item\":\"https:\/\/www.karolaberlage.de\/\"},{\"@type\":\"ListItem\",\"position\":2,\"name\":\"Home\"}]},{\"@type\":\"WebSite\",\"@id\":\"https:\/\/www.karolaberlage.de\/#website\",\"url\":\"https:\/\/www.karolaberlage.de\/\",\"name\":\"Dipl.-P\u00e4d. Karola Berlage Praxis f\u00fcr Psychotherapie HP &amp; Supervision (seit 1995)\",\"description\":\"Psychotherapie &amp; Supervision\",\"potentialAction\":[{\"@type\":\"SearchAction\",\"target\":{\"@type\":\"EntryPoint\",\"urlTemplate\":\"https:\/\/www.karolaberlage.de\/?s={search_term_string}\"},\"query-input\":{\"@type\":\"PropertyValueSpecification\",\"valueRequired\":true,\"valueName\":\"search_term_string\"}}],\"inLanguage\":\"de\"}]}<\/script>\n<!-- \/ Yoast SEO plugin. -->","yoast_head_json":{"title":"Home - Dipl.-P\u00e4d. Karola Berlage Praxis f\u00fcr Psychotherapie HP &amp; Supervision (seit 1995)","robots":{"index":"index","follow":"follow","max-snippet":"max-snippet:-1","max-image-preview":"max-image-preview:large","max-video-preview":"max-video-preview:-1"},"canonical":"https:\/\/www.karolaberlage.de\/","og_locale":"de_DE","og_type":"article","og_title":"Home - Dipl.-P\u00e4d. Karola Berlage Praxis f\u00fcr Psychotherapie HP &amp; Supervision (seit 1995)","og_url":"https:\/\/www.karolaberlage.de\/","og_site_name":"Dipl.-P\u00e4d. Karola Berlage Praxis f\u00fcr Psychotherapie HP &amp; Supervision (seit 1995)","article_modified_time":"2018-01-25T09:11:30+00:00","og_image":[{"url":"http:\/\/www.karolaberlage.de\/wp-content\/uploads\/2016\/02\/IMG-20171220-WA0003-300x300.jpg","type":"","width":"","height":""}],"twitter_card":"summary_large_image","twitter_misc":{"Gesch\u00e4tzte Lesezeit":"2\u00a0Minuten"},"schema":{"@context":"https:\/\/schema.org","@graph":[{"@type":"WebPage","@id":"https:\/\/www.karolaberlage.de\/","url":"https:\/\/www.karolaberlage.de\/","name":"Home - Dipl.-P\u00e4d. Karola Berlage Praxis f\u00fcr Psychotherapie HP &amp; Supervision (seit 1995)","isPartOf":{"@id":"https:\/\/www.karolaberlage.de\/#website"},"primaryImageOfPage":{"@id":"https:\/\/www.karolaberlage.de\/#primaryimage"},"image":{"@id":"https:\/\/www.karolaberlage.de\/#primaryimage"},"thumbnailUrl":"http:\/\/www.karolaberlage.de\/wp-content\/uploads\/2016\/02\/IMG-20171220-WA0003-300x300.jpg","datePublished":"2016-02-03T18:51:52+00:00","dateModified":"2018-01-25T09:11:30+00:00","breadcrumb":{"@id":"https:\/\/www.karolaberlage.de\/#breadcrumb"},"inLanguage":"de","potentialAction":[{"@type":"ReadAction","target":["https:\/\/www.karolaberlage.de\/"]}]},{"@type":"ImageObject","inLanguage":"de","@id":"https:\/\/www.karolaberlage.de\/#primaryimage","url":"http:\/\/www.karolaberlage.de\/wp-content\/uploads\/2016\/02\/IMG-20171220-WA0003-300x300.jpg","contentUrl":"http:\/\/www.karolaberlage.de\/wp-content\/uploads\/2016\/02\/IMG-20171220-WA0003-300x300.jpg"},{"@type":"BreadcrumbList","@id":"https:\/\/www.karolaberlage.de\/#breadcrumb","itemListElement":[{"@type":"ListItem","position":1,"name":"Home","item":"https:\/\/www.karolaberlage.de\/"},{"@type":"ListItem","position":2,"name":"Home"}]},{"@type":"WebSite","@id":"https:\/\/www.karolaberlage.de\/#website","url":"https:\/\/www.karolaberlage.de\/","name":"Dipl.-P\u00e4d. Karola Berlage Praxis f\u00fcr Psychotherapie HP &amp; Supervision (seit 1995)","description":"Psychotherapie &amp; Supervision","potentialAction":[{"@type":"SearchAction","target":{"@type":"EntryPoint","urlTemplate":"https:\/\/www.karolaberlage.de\/?s={search_term_string}"},"query-input":{"@type":"PropertyValueSpecification","valueRequired":true,"valueName":"search_term_string"}}],"inLanguage":"de"}]}},"_links":{"self":[{"href":"https:\/\/www.karolaberlage.de\/index.php\/wp-json\/wp\/v2\/pages\/2","targetHints":{"allow":["GET"]}}],"collection":[{"href":"https:\/\/www.karolaberlage.de\/index.php\/wp-json\/wp\/v2\/pages"}],"about":[{"href":"https:\/\/www.karolaberlage.de\/index.php\/wp-json\/wp\/v2\/types\/page"}],"author":[{"embeddable":true,"href":"https:\/\/www.karolaberlage.de\/index.php\/wp-json\/wp\/v2\/users\/1"}],"replies":[{"embeddable":true,"href":"https:\/\/www.karolaberlage.de\/index.php\/wp-json\/wp\/v2\/comments?post=2"}],"version-history":[{"count":19,"href":"https:\/\/www.karolaberlage.de\/index.php\/wp-json\/wp\/v2\/pages\/2\/revisions"}],"predecessor-version":[{"id":195,"href":"https:\/\/www.karolaberlage.de\/index.php\/wp-json\/wp\/v2\/pages\/2\/revisions\/195"}],"wp:attachment":[{"href":"https:\/\/www.karolaberlage.de\/index.php\/wp-json\/wp\/v2\/media?parent=2"}],"curies":[{"name":"wp","href":"https:\/\/api.w.org\/{rel}","templated":true}]}}