{"id":41,"date":"2017-12-03T12:45:29","date_gmt":"2017-12-03T11:45:29","guid":{"rendered":"http:\/\/www.karolaberlage.de\/?page_id=41"},"modified":"2023-08-22T17:48:31","modified_gmt":"2023-08-22T15:48:31","slug":"zur-person","status":"publish","type":"page","link":"https:\/\/www.karolaberlage.de\/index.php\/zur-person\/","title":{"rendered":"Zur Person"},"content":{"rendered":"<section class=\"av_textblock_section\"  itemscope=\"itemscope\" itemtype=\"https:\/\/schema.org\/CreativeWork\" ><div class='avia_textblock '   itemprop=\"text\" ><h3>Zur Person<\/h3>\n<\/div><\/section>\n<section class=\"av_textblock_section\"  itemscope=\"itemscope\" itemtype=\"https:\/\/schema.org\/CreativeWork\" ><div class='avia_textblock '   itemprop=\"text\" ><p><img loading=\"lazy\" decoding=\"async\" class=\"wp-image-243 size-medium\" src=\"https:\/\/www.karolaberlage.de\/wp-content\/uploads\/2023\/08\/karola-berlage_portrait-300x300.jpg\" alt=\"Portrait Karola Berlage\" width=\"300\" height=\"300\" srcset=\"https:\/\/www.karolaberlage.de\/wp-content\/uploads\/2023\/08\/karola-berlage_portrait-300x300.jpg 300w, https:\/\/www.karolaberlage.de\/wp-content\/uploads\/2023\/08\/karola-berlage_portrait-150x150.jpg 150w, https:\/\/www.karolaberlage.de\/wp-content\/uploads\/2023\/08\/karola-berlage_portrait-768x768.jpg 768w, https:\/\/www.karolaberlage.de\/wp-content\/uploads\/2023\/08\/karola-berlage_portrait-36x36.jpg 36w, https:\/\/www.karolaberlage.de\/wp-content\/uploads\/2023\/08\/karola-berlage_portrait-180x180.jpg 180w, https:\/\/www.karolaberlage.de\/wp-content\/uploads\/2023\/08\/karola-berlage_portrait-705x705.jpg 705w, https:\/\/www.karolaberlage.de\/wp-content\/uploads\/2023\/08\/karola-berlage_portrait-120x120.jpg 120w, https:\/\/www.karolaberlage.de\/wp-content\/uploads\/2023\/08\/karola-berlage_portrait-450x450.jpg 450w, https:\/\/www.karolaberlage.de\/wp-content\/uploads\/2023\/08\/karola-berlage_portrait.jpg 800w\" sizes=\"auto, (max-width: 300px) 100vw, 300px\" \/><\/p>\n<p>Karola Berlage, geb. 1960 im M\u00fcnsterland. <\/p>\n<\/div><\/section>\n<div class=\"flex_column av_one_full  flex_column_div av-zero-column-padding first  \" style='border-radius:0px; '><p><section class=\"av_textblock_section\"  itemscope=\"itemscope\" itemtype=\"https:\/\/schema.org\/CreativeWork\" ><div class='avia_textblock '   itemprop=\"text\" ><p><strong>Berufliche Biografie<\/strong><\/p>\n<\/div><\/section><br \/>\n<div style='padding-bottom:0px;' class='av-special-heading av-special-heading-h5    '><h5 class='av-special-heading-tag'  itemprop=\"headline\"  >Freiberuflichkeit<\/h5><div class='special-heading-border'><div class='special-heading-inner-border' ><\/div><\/div><\/div><br \/>\n<div class='avia-data-table-wrap avia_responsive_table'><table class='avia-table avia-data-table avia-table-1 '  itemscope=\"itemscope\" itemtype=\"https:\/\/schema.org\/Table\" ><tbody><tr class=''><td class=''>Seit 1998:<\/td><td class=''>Praxis f\u00fcr Psychotherapie (HP), Supervision, Prozessberatung<\/td><\/tr><tr class=''><td class=''>1999 \u2013 2009:<\/td><td class=''>Dozentur an der Fachhochschule f\u00fcr Sozialp\u00e4dagogik, K\u00f6ln<\/td><\/tr><tr class=''><td class=''>Seit 1998:<\/td><td class=''>Vortragst\u00e4tigkeit<\/td><\/tr><tr class=''><td class=''>1998 \u2013 2015:<\/td><td class=''>Praxis f\u00fcr Psychotherapie und Supervision (nebenberuflich)<\/td><\/tr><\/tbody><\/table><\/div><style type='text\/css'><\/style><br \/>\n<div style='padding-bottom:5px;' class='av-special-heading av-special-heading-h5    '><h5 class='av-special-heading-tag'  itemprop=\"headline\"  >Festanstellung<\/h5><div class='special-heading-border'><div class='special-heading-inner-border' ><\/div><\/div><\/div><br \/>\n<div class='avia-data-table-wrap avia_responsive_table'><table class='avia-table avia-data-table avia-table-2 '  itemscope=\"itemscope\" itemtype=\"https:\/\/schema.org\/Table\" ><tbody><tr class=''><td class=''>1987 &#8211; 2015:<\/td><td class=''>Rubicon e.V. K\u00f6ln, ehemals Sozialwerk f\u00fcr Lesben und Schwule e.V. (Teilzeit)<\/p>\n<p>Aufgaben:<br \/>\n&#8211; Leitung der Beratungsstelle<br \/>\n&#8211; Psychosoziale Beratung von LSBTTIQ (Einzel-, Paar- und Gruppenberatung)<br \/>\n&#8211; Gesch\u00e4ftsf\u00fchrende Leitung: Personal und Finanzen (16 Mitarbeiter_innen)<\/td><\/tr><\/tbody><\/table><\/div><style type='text\/css'><\/style><br \/>\n<div style='padding-bottom:5px;' class='av-special-heading av-special-heading-h5    '><h5 class='av-special-heading-tag'  itemprop=\"headline\"  >Ausbildungen<\/h5><div class='special-heading-border'><div class='special-heading-inner-border' ><\/div><\/div><\/div><br \/>\n<div class='avia-data-table-wrap avia_responsive_table'><table class='avia-table avia-data-table avia-table-3 '  itemscope=\"itemscope\" itemtype=\"https:\/\/schema.org\/Table\" ><tbody><tr class=''><td class=''>2015\u20132017:<\/td><td class=''>Coach \u2013 \u201eIntegrativ-systemisches Coaching\u201c (COP)<\/td><\/tr><tr class=''><td class=''>1998:<\/td><td class=''>Heilpraktikerin f\u00fcr Psychotherapie (Gesundheitsamt K\u00f6ln)<\/td><\/tr><tr class=''><td class=''>1988\u20131992:<\/td><td class=''>Psychotherapeutin \u2013 \u201eFrauenspezifische sozialtherapeutische Gestalttherapie\u201c (FPI\/EAG)<\/td><\/tr><tr class=''><td class=''>1986\u20131987:<\/td><td class=''>Ausbildung \u201ePersonenzentrierte Gespr\u00e4chsf\u00fchrung\u201c (GWG)<\/td><\/tr><tr class=''><td class=''>1985:<\/td><td class=''>Diplom-P\u00e4dagogin \u2013 Universit\u00e4t M\u00fcnster<\/td><\/tr><\/tbody><\/table><\/div><style type='text\/css'><\/style><\/p><\/div>\n","protected":false},"excerpt":{"rendered":"","protected":false},"author":1,"featured_media":0,"parent":0,"menu_order":0,"comment_status":"closed","ping_status":"closed","template":"","meta":{"footnotes":""},"class_list":["post-41","page","type-page","status-publish","hentry"],"yoast_head":"<!-- This site is optimized with the Yoast SEO plugin v26.6 - https:\/\/yoast.com\/wordpress\/plugins\/seo\/ -->\n<title>Zur Person - Dipl.-P\u00e4d. Karola Berlage Praxis f\u00fcr Psychotherapie HP &amp; Supervision (seit 1995)<\/title>\n<meta name=\"robots\" content=\"index, follow, max-snippet:-1, max-image-preview:large, max-video-preview:-1\" \/>\n<link rel=\"canonical\" href=\"https:\/\/www.karolaberlage.de\/index.php\/zur-person\/\" \/>\n<meta property=\"og:locale\" content=\"de_DE\" \/>\n<meta property=\"og:type\" content=\"article\" \/>\n<meta property=\"og:title\" content=\"Zur Person - Dipl.-P\u00e4d. Karola Berlage Praxis f\u00fcr Psychotherapie HP &amp; Supervision (seit 1995)\" \/>\n<meta property=\"og:url\" content=\"https:\/\/www.karolaberlage.de\/index.php\/zur-person\/\" \/>\n<meta property=\"og:site_name\" content=\"Dipl.-P\u00e4d. Karola Berlage Praxis f\u00fcr Psychotherapie HP &amp; Supervision (seit 1995)\" \/>\n<meta property=\"article:modified_time\" content=\"2023-08-22T15:48:31+00:00\" \/>\n<meta property=\"og:image\" content=\"http:\/\/www.karolaberlage.de\/wp-content\/uploads\/2023\/08\/karola-berlage_portrait-300x300.jpg\" \/>\n<meta name=\"twitter:card\" content=\"summary_large_image\" \/>\n<meta name=\"twitter:label1\" content=\"Gesch\u00e4tzte Lesezeit\" \/>\n\t<meta name=\"twitter:data1\" content=\"2\u00a0Minuten\" \/>\n<script type=\"application\/ld+json\" class=\"yoast-schema-graph\">{\"@context\":\"https:\/\/schema.org\",\"@graph\":[{\"@type\":\"WebPage\",\"@id\":\"https:\/\/www.karolaberlage.de\/index.php\/zur-person\/\",\"url\":\"https:\/\/www.karolaberlage.de\/index.php\/zur-person\/\",\"name\":\"Zur Person - Dipl.-P\u00e4d. Karola Berlage Praxis f\u00fcr Psychotherapie HP &amp; Supervision (seit 1995)\",\"isPartOf\":{\"@id\":\"https:\/\/www.karolaberlage.de\/#website\"},\"primaryImageOfPage\":{\"@id\":\"https:\/\/www.karolaberlage.de\/index.php\/zur-person\/#primaryimage\"},\"image\":{\"@id\":\"https:\/\/www.karolaberlage.de\/index.php\/zur-person\/#primaryimage\"},\"thumbnailUrl\":\"http:\/\/www.karolaberlage.de\/wp-content\/uploads\/2023\/08\/karola-berlage_portrait-300x300.jpg\",\"datePublished\":\"2017-12-03T11:45:29+00:00\",\"dateModified\":\"2023-08-22T15:48:31+00:00\",\"breadcrumb\":{\"@id\":\"https:\/\/www.karolaberlage.de\/index.php\/zur-person\/#breadcrumb\"},\"inLanguage\":\"de\",\"potentialAction\":[{\"@type\":\"ReadAction\",\"target\":[\"https:\/\/www.karolaberlage.de\/index.php\/zur-person\/\"]}]},{\"@type\":\"ImageObject\",\"inLanguage\":\"de\",\"@id\":\"https:\/\/www.karolaberlage.de\/index.php\/zur-person\/#primaryimage\",\"url\":\"http:\/\/www.karolaberlage.de\/wp-content\/uploads\/2023\/08\/karola-berlage_portrait-300x300.jpg\",\"contentUrl\":\"http:\/\/www.karolaberlage.de\/wp-content\/uploads\/2023\/08\/karola-berlage_portrait-300x300.jpg\"},{\"@type\":\"BreadcrumbList\",\"@id\":\"https:\/\/www.karolaberlage.de\/index.php\/zur-person\/#breadcrumb\",\"itemListElement\":[{\"@type\":\"ListItem\",\"position\":1,\"name\":\"Home\",\"item\":\"https:\/\/www.karolaberlage.de\/\"},{\"@type\":\"ListItem\",\"position\":2,\"name\":\"Zur Person\"}]},{\"@type\":\"WebSite\",\"@id\":\"https:\/\/www.karolaberlage.de\/#website\",\"url\":\"https:\/\/www.karolaberlage.de\/\",\"name\":\"Dipl.-P\u00e4d. Karola Berlage Praxis f\u00fcr Psychotherapie HP &amp; Supervision (seit 1995)\",\"description\":\"Psychotherapie &amp; Supervision\",\"potentialAction\":[{\"@type\":\"SearchAction\",\"target\":{\"@type\":\"EntryPoint\",\"urlTemplate\":\"https:\/\/www.karolaberlage.de\/?s={search_term_string}\"},\"query-input\":{\"@type\":\"PropertyValueSpecification\",\"valueRequired\":true,\"valueName\":\"search_term_string\"}}],\"inLanguage\":\"de\"}]}<\/script>\n<!-- \/ Yoast SEO plugin. -->","yoast_head_json":{"title":"Zur Person - Dipl.-P\u00e4d. Karola Berlage Praxis f\u00fcr Psychotherapie HP &amp; Supervision (seit 1995)","robots":{"index":"index","follow":"follow","max-snippet":"max-snippet:-1","max-image-preview":"max-image-preview:large","max-video-preview":"max-video-preview:-1"},"canonical":"https:\/\/www.karolaberlage.de\/index.php\/zur-person\/","og_locale":"de_DE","og_type":"article","og_title":"Zur Person - Dipl.-P\u00e4d. Karola Berlage Praxis f\u00fcr Psychotherapie HP &amp; Supervision (seit 1995)","og_url":"https:\/\/www.karolaberlage.de\/index.php\/zur-person\/","og_site_name":"Dipl.-P\u00e4d. Karola Berlage Praxis f\u00fcr Psychotherapie HP &amp; Supervision (seit 1995)","article_modified_time":"2023-08-22T15:48:31+00:00","og_image":[{"url":"http:\/\/www.karolaberlage.de\/wp-content\/uploads\/2023\/08\/karola-berlage_portrait-300x300.jpg","type":"","width":"","height":""}],"twitter_card":"summary_large_image","twitter_misc":{"Gesch\u00e4tzte Lesezeit":"2\u00a0Minuten"},"schema":{"@context":"https:\/\/schema.org","@graph":[{"@type":"WebPage","@id":"https:\/\/www.karolaberlage.de\/index.php\/zur-person\/","url":"https:\/\/www.karolaberlage.de\/index.php\/zur-person\/","name":"Zur Person - Dipl.-P\u00e4d. Karola Berlage Praxis f\u00fcr Psychotherapie HP &amp; Supervision (seit 1995)","isPartOf":{"@id":"https:\/\/www.karolaberlage.de\/#website"},"primaryImageOfPage":{"@id":"https:\/\/www.karolaberlage.de\/index.php\/zur-person\/#primaryimage"},"image":{"@id":"https:\/\/www.karolaberlage.de\/index.php\/zur-person\/#primaryimage"},"thumbnailUrl":"http:\/\/www.karolaberlage.de\/wp-content\/uploads\/2023\/08\/karola-berlage_portrait-300x300.jpg","datePublished":"2017-12-03T11:45:29+00:00","dateModified":"2023-08-22T15:48:31+00:00","breadcrumb":{"@id":"https:\/\/www.karolaberlage.de\/index.php\/zur-person\/#breadcrumb"},"inLanguage":"de","potentialAction":[{"@type":"ReadAction","target":["https:\/\/www.karolaberlage.de\/index.php\/zur-person\/"]}]},{"@type":"ImageObject","inLanguage":"de","@id":"https:\/\/www.karolaberlage.de\/index.php\/zur-person\/#primaryimage","url":"http:\/\/www.karolaberlage.de\/wp-content\/uploads\/2023\/08\/karola-berlage_portrait-300x300.jpg","contentUrl":"http:\/\/www.karolaberlage.de\/wp-content\/uploads\/2023\/08\/karola-berlage_portrait-300x300.jpg"},{"@type":"BreadcrumbList","@id":"https:\/\/www.karolaberlage.de\/index.php\/zur-person\/#breadcrumb","itemListElement":[{"@type":"ListItem","position":1,"name":"Home","item":"https:\/\/www.karolaberlage.de\/"},{"@type":"ListItem","position":2,"name":"Zur Person"}]},{"@type":"WebSite","@id":"https:\/\/www.karolaberlage.de\/#website","url":"https:\/\/www.karolaberlage.de\/","name":"Dipl.-P\u00e4d. Karola Berlage Praxis f\u00fcr Psychotherapie HP &amp; Supervision (seit 1995)","description":"Psychotherapie &amp; Supervision","potentialAction":[{"@type":"SearchAction","target":{"@type":"EntryPoint","urlTemplate":"https:\/\/www.karolaberlage.de\/?s={search_term_string}"},"query-input":{"@type":"PropertyValueSpecification","valueRequired":true,"valueName":"search_term_string"}}],"inLanguage":"de"}]}},"_links":{"self":[{"href":"https:\/\/www.karolaberlage.de\/index.php\/wp-json\/wp\/v2\/pages\/41","targetHints":{"allow":["GET"]}}],"collection":[{"href":"https:\/\/www.karolaberlage.de\/index.php\/wp-json\/wp\/v2\/pages"}],"about":[{"href":"https:\/\/www.karolaberlage.de\/index.php\/wp-json\/wp\/v2\/types\/page"}],"author":[{"embeddable":true,"href":"https:\/\/www.karolaberlage.de\/index.php\/wp-json\/wp\/v2\/users\/1"}],"replies":[{"embeddable":true,"href":"https:\/\/www.karolaberlage.de\/index.php\/wp-json\/wp\/v2\/comments?post=41"}],"version-history":[{"count":43,"href":"https:\/\/www.karolaberlage.de\/index.php\/wp-json\/wp\/v2\/pages\/41\/revisions"}],"predecessor-version":[{"id":245,"href":"https:\/\/www.karolaberlage.de\/index.php\/wp-json\/wp\/v2\/pages\/41\/revisions\/245"}],"wp:attachment":[{"href":"https:\/\/www.karolaberlage.de\/index.php\/wp-json\/wp\/v2\/media?parent=41"}],"curies":[{"name":"wp","href":"https:\/\/api.w.org\/{rel}","templated":true}]}}