{"id":54,"date":"2017-12-03T12:50:21","date_gmt":"2017-12-03T11:50:21","guid":{"rendered":"http:\/\/www.karolaberlage.de\/?page_id=54"},"modified":"2018-01-13T16:56:54","modified_gmt":"2018-01-13T15:56:54","slug":"prozessberatung","status":"publish","type":"page","link":"https:\/\/www.karolaberlage.de\/index.php\/prozessberatung\/","title":{"rendered":"Prozessberatung"},"content":{"rendered":"<div class=\"flex_column av_one_fourth  flex_column_div av-zero-column-padding first  \" style='border-radius:0px; '><section class=\"av_textblock_section\"  itemscope=\"itemscope\" itemtype=\"https:\/\/schema.org\/CreativeWork\" ><div class='avia_textblock '   itemprop=\"text\" ><p><img loading=\"lazy\" decoding=\"async\" class=\"alignleft size-medium wp-image-128\" src=\"https:\/\/www.karolaberlage.de\/wp-content\/uploads\/2016\/02\/IMG-20171220-WA0006-300x300.jpg\" alt=\"IMG-20171220-WA0006\" width=\"300\" height=\"300\" srcset=\"https:\/\/www.karolaberlage.de\/wp-content\/uploads\/2016\/02\/IMG-20171220-WA0006-300x300.jpg 300w, https:\/\/www.karolaberlage.de\/wp-content\/uploads\/2016\/02\/IMG-20171220-WA0006-150x150.jpg 150w, https:\/\/www.karolaberlage.de\/wp-content\/uploads\/2016\/02\/IMG-20171220-WA0006-768x768.jpg 768w, https:\/\/www.karolaberlage.de\/wp-content\/uploads\/2016\/02\/IMG-20171220-WA0006-36x36.jpg 36w, https:\/\/www.karolaberlage.de\/wp-content\/uploads\/2016\/02\/IMG-20171220-WA0006-180x180.jpg 180w, https:\/\/www.karolaberlage.de\/wp-content\/uploads\/2016\/02\/IMG-20171220-WA0006-705x705.jpg 705w, https:\/\/www.karolaberlage.de\/wp-content\/uploads\/2016\/02\/IMG-20171220-WA0006-120x120.jpg 120w, https:\/\/www.karolaberlage.de\/wp-content\/uploads\/2016\/02\/IMG-20171220-WA0006-450x450.jpg 450w, https:\/\/www.karolaberlage.de\/wp-content\/uploads\/2016\/02\/IMG-20171220-WA0006.jpg 1024w\" sizes=\"auto, (max-width: 300px) 100vw, 300px\" \/><\/p>\n<\/div><\/section><\/div>\n<div class=\"flex_column av_three_fourth  flex_column_div av-zero-column-padding   \" style='border-radius:0px; '><section class=\"av_textblock_section\"  itemscope=\"itemscope\" itemtype=\"https:\/\/schema.org\/CreativeWork\" ><div class='avia_textblock '   itemprop=\"text\" ><h3>Prozessberatung<\/h3>\n<\/div><\/section><br \/>\n<section class=\"av_textblock_section\"  itemscope=\"itemscope\" itemtype=\"https:\/\/schema.org\/CreativeWork\" ><div class='avia_textblock '   itemprop=\"text\" ><p><strong>Ich unterst\u00fctze Organisationen im Wandel darin, Schw\u00e4chen zu diagnostizieren, Aufgaben zu priorisieren und L\u00f6sungen zu entwickeln.<\/strong><\/p>\n<ul>\n<li>Personalf\u00fchrung<\/li>\n<li>Prozessmanagement<\/li>\n<li>Kommunikation<\/li>\n<li>Diversity &amp; Gender<\/li>\n<\/ul>\n<\/div><\/section><\/p><\/div>\n","protected":false},"excerpt":{"rendered":"","protected":false},"author":1,"featured_media":0,"parent":0,"menu_order":0,"comment_status":"closed","ping_status":"closed","template":"","meta":{"footnotes":""},"class_list":["post-54","page","type-page","status-publish","hentry"],"yoast_head":"<!-- This site is optimized with the Yoast SEO plugin v26.6 - https:\/\/yoast.com\/wordpress\/plugins\/seo\/ -->\n<title>Prozessberatung - Dipl.-P\u00e4d. Karola Berlage Praxis f\u00fcr Psychotherapie HP &amp; Supervision (seit 1995)<\/title>\n<meta name=\"robots\" content=\"index, follow, max-snippet:-1, max-image-preview:large, max-video-preview:-1\" \/>\n<link rel=\"canonical\" href=\"https:\/\/www.karolaberlage.de\/index.php\/prozessberatung\/\" \/>\n<meta property=\"og:locale\" content=\"de_DE\" \/>\n<meta property=\"og:type\" content=\"article\" \/>\n<meta property=\"og:title\" content=\"Prozessberatung - Dipl.-P\u00e4d. Karola Berlage Praxis f\u00fcr Psychotherapie HP &amp; Supervision (seit 1995)\" \/>\n<meta property=\"og:url\" content=\"https:\/\/www.karolaberlage.de\/index.php\/prozessberatung\/\" \/>\n<meta property=\"og:site_name\" content=\"Dipl.-P\u00e4d. Karola Berlage Praxis f\u00fcr Psychotherapie HP &amp; Supervision (seit 1995)\" \/>\n<meta property=\"article:modified_time\" content=\"2018-01-13T15:56:54+00:00\" \/>\n<meta property=\"og:image\" content=\"http:\/\/www.karolaberlage.de\/wp-content\/uploads\/2016\/02\/IMG-20171220-WA0006-300x300.jpg\" \/>\n<meta name=\"twitter:card\" content=\"summary_large_image\" \/>\n<meta name=\"twitter:label1\" content=\"Gesch\u00e4tzte Lesezeit\" \/>\n\t<meta name=\"twitter:data1\" content=\"1\u00a0Minute\" \/>\n<script type=\"application\/ld+json\" class=\"yoast-schema-graph\">{\"@context\":\"https:\/\/schema.org\",\"@graph\":[{\"@type\":\"WebPage\",\"@id\":\"https:\/\/www.karolaberlage.de\/index.php\/prozessberatung\/\",\"url\":\"https:\/\/www.karolaberlage.de\/index.php\/prozessberatung\/\",\"name\":\"Prozessberatung - Dipl.-P\u00e4d. Karola Berlage Praxis f\u00fcr Psychotherapie HP &amp; Supervision (seit 1995)\",\"isPartOf\":{\"@id\":\"https:\/\/www.karolaberlage.de\/#website\"},\"primaryImageOfPage\":{\"@id\":\"https:\/\/www.karolaberlage.de\/index.php\/prozessberatung\/#primaryimage\"},\"image\":{\"@id\":\"https:\/\/www.karolaberlage.de\/index.php\/prozessberatung\/#primaryimage\"},\"thumbnailUrl\":\"http:\/\/www.karolaberlage.de\/wp-content\/uploads\/2016\/02\/IMG-20171220-WA0006-300x300.jpg\",\"datePublished\":\"2017-12-03T11:50:21+00:00\",\"dateModified\":\"2018-01-13T15:56:54+00:00\",\"breadcrumb\":{\"@id\":\"https:\/\/www.karolaberlage.de\/index.php\/prozessberatung\/#breadcrumb\"},\"inLanguage\":\"de\",\"potentialAction\":[{\"@type\":\"ReadAction\",\"target\":[\"https:\/\/www.karolaberlage.de\/index.php\/prozessberatung\/\"]}]},{\"@type\":\"ImageObject\",\"inLanguage\":\"de\",\"@id\":\"https:\/\/www.karolaberlage.de\/index.php\/prozessberatung\/#primaryimage\",\"url\":\"http:\/\/www.karolaberlage.de\/wp-content\/uploads\/2016\/02\/IMG-20171220-WA0006-300x300.jpg\",\"contentUrl\":\"http:\/\/www.karolaberlage.de\/wp-content\/uploads\/2016\/02\/IMG-20171220-WA0006-300x300.jpg\"},{\"@type\":\"BreadcrumbList\",\"@id\":\"https:\/\/www.karolaberlage.de\/index.php\/prozessberatung\/#breadcrumb\",\"itemListElement\":[{\"@type\":\"ListItem\",\"position\":1,\"name\":\"Home\",\"item\":\"https:\/\/www.karolaberlage.de\/\"},{\"@type\":\"ListItem\",\"position\":2,\"name\":\"Prozessberatung\"}]},{\"@type\":\"WebSite\",\"@id\":\"https:\/\/www.karolaberlage.de\/#website\",\"url\":\"https:\/\/www.karolaberlage.de\/\",\"name\":\"Dipl.-P\u00e4d. Karola Berlage Praxis f\u00fcr Psychotherapie HP &amp; Supervision (seit 1995)\",\"description\":\"Psychotherapie &amp; Supervision\",\"potentialAction\":[{\"@type\":\"SearchAction\",\"target\":{\"@type\":\"EntryPoint\",\"urlTemplate\":\"https:\/\/www.karolaberlage.de\/?s={search_term_string}\"},\"query-input\":{\"@type\":\"PropertyValueSpecification\",\"valueRequired\":true,\"valueName\":\"search_term_string\"}}],\"inLanguage\":\"de\"}]}<\/script>\n<!-- \/ Yoast SEO plugin. -->","yoast_head_json":{"title":"Prozessberatung - Dipl.-P\u00e4d. Karola Berlage Praxis f\u00fcr Psychotherapie HP &amp; Supervision (seit 1995)","robots":{"index":"index","follow":"follow","max-snippet":"max-snippet:-1","max-image-preview":"max-image-preview:large","max-video-preview":"max-video-preview:-1"},"canonical":"https:\/\/www.karolaberlage.de\/index.php\/prozessberatung\/","og_locale":"de_DE","og_type":"article","og_title":"Prozessberatung - Dipl.-P\u00e4d. Karola Berlage Praxis f\u00fcr Psychotherapie HP &amp; Supervision (seit 1995)","og_url":"https:\/\/www.karolaberlage.de\/index.php\/prozessberatung\/","og_site_name":"Dipl.-P\u00e4d. Karola Berlage Praxis f\u00fcr Psychotherapie HP &amp; Supervision (seit 1995)","article_modified_time":"2018-01-13T15:56:54+00:00","og_image":[{"url":"http:\/\/www.karolaberlage.de\/wp-content\/uploads\/2016\/02\/IMG-20171220-WA0006-300x300.jpg","type":"","width":"","height":""}],"twitter_card":"summary_large_image","twitter_misc":{"Gesch\u00e4tzte Lesezeit":"1\u00a0Minute"},"schema":{"@context":"https:\/\/schema.org","@graph":[{"@type":"WebPage","@id":"https:\/\/www.karolaberlage.de\/index.php\/prozessberatung\/","url":"https:\/\/www.karolaberlage.de\/index.php\/prozessberatung\/","name":"Prozessberatung - Dipl.-P\u00e4d. Karola Berlage Praxis f\u00fcr Psychotherapie HP &amp; Supervision (seit 1995)","isPartOf":{"@id":"https:\/\/www.karolaberlage.de\/#website"},"primaryImageOfPage":{"@id":"https:\/\/www.karolaberlage.de\/index.php\/prozessberatung\/#primaryimage"},"image":{"@id":"https:\/\/www.karolaberlage.de\/index.php\/prozessberatung\/#primaryimage"},"thumbnailUrl":"http:\/\/www.karolaberlage.de\/wp-content\/uploads\/2016\/02\/IMG-20171220-WA0006-300x300.jpg","datePublished":"2017-12-03T11:50:21+00:00","dateModified":"2018-01-13T15:56:54+00:00","breadcrumb":{"@id":"https:\/\/www.karolaberlage.de\/index.php\/prozessberatung\/#breadcrumb"},"inLanguage":"de","potentialAction":[{"@type":"ReadAction","target":["https:\/\/www.karolaberlage.de\/index.php\/prozessberatung\/"]}]},{"@type":"ImageObject","inLanguage":"de","@id":"https:\/\/www.karolaberlage.de\/index.php\/prozessberatung\/#primaryimage","url":"http:\/\/www.karolaberlage.de\/wp-content\/uploads\/2016\/02\/IMG-20171220-WA0006-300x300.jpg","contentUrl":"http:\/\/www.karolaberlage.de\/wp-content\/uploads\/2016\/02\/IMG-20171220-WA0006-300x300.jpg"},{"@type":"BreadcrumbList","@id":"https:\/\/www.karolaberlage.de\/index.php\/prozessberatung\/#breadcrumb","itemListElement":[{"@type":"ListItem","position":1,"name":"Home","item":"https:\/\/www.karolaberlage.de\/"},{"@type":"ListItem","position":2,"name":"Prozessberatung"}]},{"@type":"WebSite","@id":"https:\/\/www.karolaberlage.de\/#website","url":"https:\/\/www.karolaberlage.de\/","name":"Dipl.-P\u00e4d. Karola Berlage Praxis f\u00fcr Psychotherapie HP &amp; Supervision (seit 1995)","description":"Psychotherapie &amp; Supervision","potentialAction":[{"@type":"SearchAction","target":{"@type":"EntryPoint","urlTemplate":"https:\/\/www.karolaberlage.de\/?s={search_term_string}"},"query-input":{"@type":"PropertyValueSpecification","valueRequired":true,"valueName":"search_term_string"}}],"inLanguage":"de"}]}},"_links":{"self":[{"href":"https:\/\/www.karolaberlage.de\/index.php\/wp-json\/wp\/v2\/pages\/54","targetHints":{"allow":["GET"]}}],"collection":[{"href":"https:\/\/www.karolaberlage.de\/index.php\/wp-json\/wp\/v2\/pages"}],"about":[{"href":"https:\/\/www.karolaberlage.de\/index.php\/wp-json\/wp\/v2\/types\/page"}],"author":[{"embeddable":true,"href":"https:\/\/www.karolaberlage.de\/index.php\/wp-json\/wp\/v2\/users\/1"}],"replies":[{"embeddable":true,"href":"https:\/\/www.karolaberlage.de\/index.php\/wp-json\/wp\/v2\/comments?post=54"}],"version-history":[{"count":9,"href":"https:\/\/www.karolaberlage.de\/index.php\/wp-json\/wp\/v2\/pages\/54\/revisions"}],"predecessor-version":[{"id":186,"href":"https:\/\/www.karolaberlage.de\/index.php\/wp-json\/wp\/v2\/pages\/54\/revisions\/186"}],"wp:attachment":[{"href":"https:\/\/www.karolaberlage.de\/index.php\/wp-json\/wp\/v2\/media?parent=54"}],"curies":[{"name":"wp","href":"https:\/\/api.w.org\/{rel}","templated":true}]}}